{"id":1952,"date":"2019-03-14T14:11:20","date_gmt":"2019-03-14T14:11:20","guid":{"rendered":"https:\/\/www.surfbeach.gr\/?page_id=1952"},"modified":"2019-03-20T02:53:53","modified_gmt":"2019-03-20T00:53:53","slug":"scuba-diving","status":"publish","type":"page","link":"https:\/\/www.surfbeach.gr\/en\/activities\/scuba-diving\/","title":{"rendered":"Scuba Diving"},"content":{"rendered":"<p>[vc_row][vc_column width=&#8221;2\/3&#8243;]\t\t\t<div\r\n\t\t\t\tclass=\"main_title  text-left  \">\r\n\t\t\t\t<h2 class=\"title\">The best care for our precious visitors<\/h2>\r\n\t\t\t\t\t\t\t\t\t<p class=\"main_description\">We want to provide our guests with a great holiday experience. In addition to our friendly and caring staff dedicated to meeting your every need.<\/p>\r\n\t\t\t\t\t\t\t<\/div>\r\n\t\t[vc_column_text]<a href=\"http:\/\/www.surfbeach.gr\/wp-content\/uploads\/2014\/03\/diving.jpg\" data-rel=\"prettyPhoto[208]\"><img loading=\"lazy\" class=\"alignleft size-medium wp-image-476\" src=\"http:\/\/www.surfbeach.gr\/wp-content\/uploads\/2014\/03\/diving-300x165.jpg\" sizes=\"(max-width: 300px) 100vw, 300px\" srcset=\"http:\/\/www.surfbeach.gr\/wp-content\/uploads\/2014\/03\/diving-300x165.jpg 300w, http:\/\/www.surfbeach.gr\/wp-content\/uploads\/2014\/03\/diving.jpg 821w\" alt=\"diving\" width=\"300\" height=\"165\" \/><\/a>The Surfing Beach Diving Centre, in Santa Maria Beach organizes scuba diving excursions around Paros-Naxos for more than 23 years and we can promise that together we will dive safely, and will guide you to the best underwater sights.<\/p>\n<p>Seize the Opportunity.<br \/>\nOur diving experience, the well equipped diving center and our expert instructors will guide you step by step to get the skills needed for an exciting, unique, memorable and enjoyable experience in the magic underwater world.<\/p>\n<p>If you already have your first diving certification and you are an experienced diver, Remember! The knowledge and skills are always evolving as we evolve, over and above the previous limits that we had achieved. If you simply want to do fun dives, maintain your knowledge and skills, then you can join the organized scuba excursions.\u00a0 You can choose from more than 30 different diving sites (weather permitting) that we are visiting in small groups of 6-8 people, with our all weather rib boats.<br \/>\nBut if you\u2019re ready to expand your boundaries with continuing education, we can offer more than the core courses of Advanced Open Water Diver, Rescue Diver and Dive Master, such as the specialties of Cavern Diver, Wreck Diver, Deep Diver, Enriched Air Diver and many more.<\/p>\n<p>Kids (above 8 years old) can attend diving programs in a pool or in the sea and at the same time can develop social and organizational skills such as teamwork and cooperation.<\/p>\n<p>Our diving center is certified and works with international diving standards of PADI (Professional Association of Diving Instructors) and CMAS (Conf\u00e9d\u00e9ration Mondiale des Activit\u00e9s Subaquatiques), while our equipment is checked annually and certified by Bureau Veritas.<br \/>\nDAN insurance global network is covering all of the diving activities.[\/vc_column_text][\/vc_column][vc_column width=&#8221;1\/3&#8243;][vc_wp_custommenu title=&#8221;Activities&#8221; nav_menu=&#8221;36&#8243;]  <div class=\"vbf vbf-over-slider\">\n    <h2 class=\"form_title\">Book Your Stay<\/h2>\n    <div class=\"inner\">\n        <!--START FORM-->\n        <form id=\"search-form\" action=\"https:\/\/santamariasurfingbeach.reserve-online.net\/\" method=\"get\" target=\"_blank\">\n          <div class=\"row\">\n                        <!-- PARAMETERS -->\n            <input type=\"hidden\" name=\"\" value=\"\" >\n            <input type=\"hidden\" name=\"\" value=\"\" >\n                        <!-- CHECK IN -->\n            <div class=\"col-md-12\">\n                <label for=\"eagle_booking_checkin\">Check In<\/label>\n                <input type=\"text\" id=\"eagle_booking_checkin\" class=\"form-control datepicker\" placeholder=\"Check In\">\n                <input type=\"hidden\" name=\"\">\n            <\/div>\n            <!-- CHECKOUT -->\n            <div class=\"col-md-12\">\n              <label for=\"eagle_booking_checkout\">Check Out<\/label>\n              <input type=\"text\" id=\"eagle_booking_checkout\" class=\"form-control datepicker\" placeholder=\"Check Out\">\n              <input type=\"hidden\" name=\"\">\n            <\/div>\n            <!-- GUESTS -->\n            <div class=\"col-md-12\">\n              <label for=\"eagle_booking_guests\">Guests<\/label>\n              <div class=\"guests-picker\">\n                <div class=\"minus\" style=\"width: 80px;\"><\/div>\n                <input type=\"text\" name=\"\" id=\"eagle_booking_guests\" placeholder=\"Guests\" class=\"form-control\" min=\"1\" max=\"10\" value=\"2\" placeholder=\"Guests\" readonly style=\"width: 100%;\">\n                <div class=\"plus\" style=\"width: 80px;\"><\/div>\n              <\/div>\n            <\/div>\n            <!-- BUTTON -->\n            <div class=\"col-md-12\">\n              <input class=\"button\" type=\"submit\" value=\"CHECK AVAILABILITY\">\n            <\/div>\n            <script>\n            (function ($) {\n              \"use strict\";\n                  $(document).ready(function () {\n\n                    var datepicker = $('.datepicker');\n                    var checkin_date = $('#eagle_booking_checkin');\n                    var checkout_date = $('#eagle_booking_checkout');\n\n                    \/\/ SET DEFAULT DATES\n                    var default_checkin_date = moment().format('DD\/MM\/YYYY');\n                    var default_checkout_date = moment().add(10, 'd').format('DD\/MM\/YYYY');\n\n                    \/\/ TRANSLATE\n                    $.fn.datepicker.dates['en'] = {\n                      days: [\n                      \"Sunday\",\n                      \"Monday\",\n                      \"Tuesday\",\n                      \"Wednesday\",\n                      \"Thursday\",\n                      \"Friday\",\n                      \"Saturday\"\n                      ],\n                      daysShort: [\n                      \"Sun\",\n                      \"Mon\",\n                      \"Tue\",\n                      \"Wed\",\n                      \"Thu\",\n                      \"Fri\",\n                      \"Sat\"\n                      ],\n                      daysMin: [\n                      \"Su\",\n                      \"Mo\",\n                      \"Tu\",\n                      \"We\",\n                      \"Th\",\n                      \"Fr\",\n                      \"Sa\"\n                      ],\n                      months: [\n                      \"'January\",\n                      \"February\",\n                      \"March\",\n                      \"April\",\n                      \"May\",\n                      \"June\",\n                      \"July\",\n                      \"August\",\n                      \"September\",\n                      \"October\",\n                      \"November\",\n                      \"December'\"\n                      ],\n                      monthsShort: [\n                      \"Jan\",\n                      \"Feb\",\n                      \"Mar\",\n                      \"Apr\",\n                      \"May\",\n                      \"Jun\",\n                      \"Jul\",\n                      \"Aug\",\n                      \"Sep\",\n                      \"Oct\",\n                      \"Nov\",\n                      \"Dec'\"\n                      ],\n                      today: \"Today\",\n                      clear: \"Clear\",\n                      \/\/ format: \"mm\/dd\/yyyy\",\n                      titleFormat: \"MM yyyy\",\n                      weekStart: 0\n                    };\n\n                    \/\/ CHECKIN\n                    checkin_date.datepicker({\n                      format: \"dd\/mm\/yyyy\",\n                      startDate: new Date(),\n                      autoclose: true,\n                      todayHighlight: true,\n                      disableTouchKeyboard: true,\n                      language: 'en',\n                    });\n\n                    \/\/ CHECKIN DEFAULT DATE\n                    checkin_date.datepicker('setDate', default_checkin_date);\n\n                    \/\/ CHECKOUT\n                    checkout_date.datepicker({\n                      format: \"dd\/mm\/yyyy\",\n                      startDate: new Date(),\n                      autoclose: true,\n                      todayHighlight: false,\n                      disableTouchKeyboard: true,\n                      language: 'en',\n                    });\n\n                    \/\/ CHECKOUT DEFAULT DATE\n                    checkout_date.datepicker('setDate', default_checkout_date );\n\n                    \/\/ DISABLE DATE PICKER INPUT\n                    datepicker.attr('autocomplete', 'off');\n                    datepicker.on(\"ready\", function() {\n                      $(this).attr('autocomplete', 'off');\n                    });\n\n                    \/\/ CHANGE THE CHECKOUT BASED ON THE CHECKIN\n                    checkin_date.one('changeDate', function(e){\n\n                      var checkin_date_val_string = checkin_date.val();\n                      var new_checkout_date  = moment(checkin_date_val_string,'DD\/MM\/YYYY').add(10, 'd').format('DD\/MM\/YYYY');\n\n                      checkout_date.datepicker('setDate',  new_checkout_date);\n\n                    })\n\n                       \/\/ GUESTS\n                       $(function () {\n                           var spinner = $('.guests-picker');\n                           var spinnerplus = $('.plus')\n                           var spinnerminus = $('.minus');\n                           $(spinnerplus).on('click', function () {\n                               var btn = $(this);\n                               var input = btn.closest(spinner).find('input');\n                               if (input.attr('max') == undefined || parseInt(input.val()) < parseInt(input.attr('max'))) {\n                                   input.val(parseInt(input.val(), 10) + 1, 10);\n                               } else {\n                                   btn.next(\"disabled\", true);\n                               }\n                           });\n                           $(spinnerminus).on('click', function () {\n                               var btn = $(this);\n                               var input = btn.closest(spinner).find('input');\n                               if (input.attr('min') == undefined || parseInt(input.val()) > parseInt(input.attr('min'))) {\n                                   input.val(parseInt(input.val(), 10) - 1, 10);\n                               } else {\n                                   btn.prev(\"disabled\", true);\n                               }\n                           });\n                       })\n\n                       \/\/ CHANGE THE SENDING DATE FORMAT FOR BUILT IN BOOKING, BOOKING.COM & CUSTOM BOOKING TYPE BASED ON BOOKING TYPE\n                       datepicker.on('changeDate', function(e){\n\n                                                       $(this).next('input[type=hidden]').val( moment(e.date).format('DD-MM-YYYY') )\n\n                                                    });\n\n                        \/\/ CHANGE THE DEFAULT DATE FORMAT FOR BUILT IN BOOKING, BOOKING.COM & CUSTOM BOOKING TYPE BASED ON BOOKING TYPE\n                        jQuery(\"#search-form\").on('submit', function(e) {\n\n                            \/\/ GET DEFAULT DATES FROM DATEPICKER\n                            var startDate = checkin_date.datepicker('getDate');\n                            var endDate = checkout_date.datepicker('getDate');\n\n                                                        \/\/ CUSTOM FORMAT\n                            checkin_date.next('input[type=hidden]').val( moment(startDate).format('DD-MM-YYYY') )\n                            checkout_date.next('input[type=hidden]').val( moment(endDate).format('DD-MM-YYYY') )\n\n                            \n                          });\n\n                  });\n              })(jQuery);\n          <\/script>\n\n      <\/div>\n    <\/form>\n  <\/div>\n<\/div>\n[vc_empty_space][\/vc_column][\/vc_row][vc_row][vc_column]           \r\n            <div class=\"row\">\r\n\t            <div class=\"image-gallery\">\r\n\r\n                   \r\n                    <!-- GALLERY ITEM -->\r\n                    <div class=\"col-lg-3 col-sm-6\">\r\n                      <figure class=\"gradient-overlay-hover icon-zoom-hover zoom-image-hover\">\r\n                                                <a href=\"https:\/\/www.surfbeach.gr\/wp-content\/uploads\/2018\/06\/spa1.jpg\">\r\n                          <img src=\"https:\/\/www.surfbeach.gr\/wp-content\/uploads\/2018\/06\/spa1.jpg\" class=\"img-responsive\">\r\n                        <\/a>\r\n                                            <\/figure>\r\n                    <\/div>\r\n\r\n                    \r\n                    <!-- GALLERY ITEM -->\r\n                    <div class=\"col-lg-3 col-sm-6\">\r\n                      <figure class=\"gradient-overlay-hover icon-zoom-hover zoom-image-hover\">\r\n                                                <a href=\"https:\/\/www.surfbeach.gr\/wp-content\/uploads\/2018\/06\/spa2.jpg\">\r\n                          <img src=\"https:\/\/www.surfbeach.gr\/wp-content\/uploads\/2018\/06\/spa2.jpg\" class=\"img-responsive\">\r\n                        <\/a>\r\n                                            <\/figure>\r\n                    <\/div>\r\n\r\n                    \r\n                    <!-- GALLERY ITEM -->\r\n                    <div class=\"col-lg-3 col-sm-6\">\r\n                      <figure class=\"gradient-overlay-hover icon-zoom-hover zoom-image-hover\">\r\n                                                <a href=\"https:\/\/www.surfbeach.gr\/wp-content\/uploads\/2018\/06\/spa3.jpg\">\r\n                          <img src=\"https:\/\/www.surfbeach.gr\/wp-content\/uploads\/2018\/06\/spa3.jpg\" class=\"img-responsive\">\r\n                        <\/a>\r\n                                            <\/figure>\r\n                    <\/div>\r\n\r\n                    \r\n                    <!-- GALLERY ITEM -->\r\n                    <div class=\"col-lg-3 col-sm-6\">\r\n                      <figure class=\"gradient-overlay-hover icon-zoom-hover zoom-image-hover\">\r\n                                                <a href=\"https:\/\/www.surfbeach.gr\/wp-content\/uploads\/2018\/06\/spa4.jpg\">\r\n                          <img src=\"https:\/\/www.surfbeach.gr\/wp-content\/uploads\/2018\/06\/spa4.jpg\" class=\"img-responsive\">\r\n                        <\/a>\r\n                                            <\/figure>\r\n                    <\/div>\r\n\r\n                    \r\n\t                \t            <\/div>\r\n            <\/div>\r\n\r\n        [\/vc_column][\/vc_row]<\/p>\n","protected":false},"excerpt":{"rendered":"<p>[vc_row][vc_column width=&#8221;2\/3&#8243;][vc_column_text]The Surfing Beach Diving Centre, in Santa Maria Beach organizes scuba diving excursions around Paros-Naxos for more than 23 years and we can promise that together we will dive safely, and will guide you to the best underwater sights. Seize the Opportunity. Our diving experience, the well equipped diving center and our expert instructors [&hellip;]<\/p>\n","protected":false},"author":1,"featured_media":0,"parent":1942,"menu_order":0,"comment_status":"closed","ping_status":"closed","template":"","meta":[],"yoast_head":"<!-- This site is optimized with the Yoast SEO plugin v15.9.1 - https:\/\/yoast.com\/wordpress\/plugins\/seo\/ -->\n<title>Scuba Diving - Surfing Beach Paros<\/title>\n<meta name=\"robots\" content=\"index, follow, max-snippet:-1, max-image-preview:large, max-video-preview:-1\" \/>\n<link rel=\"canonical\" href=\"https:\/\/www.surfbeach.gr\/en\/activities\/scuba-diving\/\" \/>\n<meta property=\"og:locale\" content=\"en_US\" \/>\n<meta property=\"og:type\" content=\"article\" \/>\n<meta property=\"og:title\" content=\"Scuba Diving - Surfing Beach Paros\" \/>\n<meta property=\"og:description\" content=\"[vc_row][vc_column width=&#8221;2\/3&#8243;][vc_column_text]The Surfing Beach Diving Centre, in Santa Maria Beach organizes scuba diving excursions around Paros-Naxos for more than 23 years and we can promise that together we will dive safely, and will guide you to the best underwater sights. Seize the Opportunity. Our diving experience, the well equipped diving center and our expert instructors [&hellip;]\" \/>\n<meta property=\"og:url\" content=\"https:\/\/www.surfbeach.gr\/en\/activities\/scuba-diving\/\" \/>\n<meta property=\"og:site_name\" content=\"Surfing Beach Paros\" \/>\n<meta property=\"article:modified_time\" content=\"2019-03-20T00:53:53+00:00\" \/>\n<meta property=\"og:image\" content=\"http:\/\/www.surfbeach.gr\/wp-content\/uploads\/2014\/03\/diving-300x165.jpg\" \/>\n<meta name=\"twitter:card\" content=\"summary_large_image\" \/>\n<meta name=\"twitter:label1\" content=\"Est. reading time\">\n\t<meta name=\"twitter:data1\" content=\"2 minutes\">\n<script type=\"application\/ld+json\" class=\"yoast-schema-graph\">{\"@context\":\"https:\/\/schema.org\",\"@graph\":[{\"@type\":\"WebSite\",\"@id\":\"https:\/\/www.surfbeach.gr\/#website\",\"url\":\"https:\/\/www.surfbeach.gr\/\",\"name\":\"Surfing Beach Paros\",\"description\":\"Paros accommodation and sport\",\"potentialAction\":[{\"@type\":\"SearchAction\",\"target\":\"https:\/\/www.surfbeach.gr\/?s={search_term_string}\",\"query-input\":\"required name=search_term_string\"}],\"inLanguage\":\"en-US\"},{\"@type\":\"ImageObject\",\"@id\":\"https:\/\/www.surfbeach.gr\/en\/activities\/scuba-diving\/#primaryimage\",\"inLanguage\":\"en-US\",\"url\":\"http:\/\/www.surfbeach.gr\/wp-content\/uploads\/2014\/03\/diving-300x165.jpg\"},{\"@type\":\"WebPage\",\"@id\":\"https:\/\/www.surfbeach.gr\/en\/activities\/scuba-diving\/#webpage\",\"url\":\"https:\/\/www.surfbeach.gr\/en\/activities\/scuba-diving\/\",\"name\":\"Scuba Diving - Surfing Beach Paros\",\"isPartOf\":{\"@id\":\"https:\/\/www.surfbeach.gr\/#website\"},\"primaryImageOfPage\":{\"@id\":\"https:\/\/www.surfbeach.gr\/en\/activities\/scuba-diving\/#primaryimage\"},\"datePublished\":\"2019-03-14T14:11:20+00:00\",\"dateModified\":\"2019-03-20T00:53:53+00:00\",\"breadcrumb\":{\"@id\":\"https:\/\/www.surfbeach.gr\/en\/activities\/scuba-diving\/#breadcrumb\"},\"inLanguage\":\"en-US\",\"potentialAction\":[{\"@type\":\"ReadAction\",\"target\":[\"https:\/\/www.surfbeach.gr\/en\/activities\/scuba-diving\/\"]}]},{\"@type\":\"BreadcrumbList\",\"@id\":\"https:\/\/www.surfbeach.gr\/en\/activities\/scuba-diving\/#breadcrumb\",\"itemListElement\":[{\"@type\":\"ListItem\",\"position\":1,\"item\":{\"@type\":\"WebPage\",\"@id\":\"https:\/\/www.surfbeach.gr\/en\/\",\"url\":\"https:\/\/www.surfbeach.gr\/en\/\",\"name\":\"Home\"}},{\"@type\":\"ListItem\",\"position\":2,\"item\":{\"@type\":\"WebPage\",\"@id\":\"https:\/\/www.surfbeach.gr\/en\/activities\/\",\"url\":\"https:\/\/www.surfbeach.gr\/en\/activities\/\",\"name\":\"Activities\"}},{\"@type\":\"ListItem\",\"position\":3,\"item\":{\"@type\":\"WebPage\",\"@id\":\"https:\/\/www.surfbeach.gr\/en\/activities\/scuba-diving\/\",\"url\":\"https:\/\/www.surfbeach.gr\/en\/activities\/scuba-diving\/\",\"name\":\"Scuba Diving\"}}]}]}<\/script>\n<!-- \/ Yoast SEO plugin. -->","_links":{"self":[{"href":"https:\/\/www.surfbeach.gr\/en\/wp-json\/wp\/v2\/pages\/1952"}],"collection":[{"href":"https:\/\/www.surfbeach.gr\/en\/wp-json\/wp\/v2\/pages"}],"about":[{"href":"https:\/\/www.surfbeach.gr\/en\/wp-json\/wp\/v2\/types\/page"}],"author":[{"embeddable":true,"href":"https:\/\/www.surfbeach.gr\/en\/wp-json\/wp\/v2\/users\/1"}],"replies":[{"embeddable":true,"href":"https:\/\/www.surfbeach.gr\/en\/wp-json\/wp\/v2\/comments?post=1952"}],"version-history":[{"count":6,"href":"https:\/\/www.surfbeach.gr\/en\/wp-json\/wp\/v2\/pages\/1952\/revisions"}],"predecessor-version":[{"id":21051,"href":"https:\/\/www.surfbeach.gr\/en\/wp-json\/wp\/v2\/pages\/1952\/revisions\/21051"}],"up":[{"embeddable":true,"href":"https:\/\/www.surfbeach.gr\/en\/wp-json\/wp\/v2\/pages\/1942"}],"wp:attachment":[{"href":"https:\/\/www.surfbeach.gr\/en\/wp-json\/wp\/v2\/media?parent=1952"}],"curies":[{"name":"wp","href":"https:\/\/api.w.org\/{rel}","templated":true}]}}